{"id":10,"date":"2021-10-05T17:09:22","date_gmt":"2021-10-05T17:09:22","guid":{"rendered":"http:\/\/www.gondosvaros.hu\/?page_id=10"},"modified":"2025-03-10T14:02:30","modified_gmt":"2025-03-10T14:02:30","slug":"home","status":"publish","type":"page","link":"https:\/\/www.gondosvaros.hu\/","title":{"rendered":"Home"},"content":{"rendered":"<p>[et_pb_section fb_built=&#8221;1&#8243; admin_label=&#8221;Our Mission&#8221; _builder_version=&#8221;4.16&#8243; custom_padding=&#8221;0px|0px|100px|0px||&#8221; global_colors_info=&#8221;{}&#8221;][et_pb_row column_structure=&#8221;2_5,3_5&#8243; _builder_version=&#8221;4.23.4&#8243; _module_preset=&#8221;default&#8221; min_height=&#8221;958.7px&#8221; custom_margin=&#8221;40px|auto||auto|false|false&#8221; custom_padding=&#8221;0px|||||&#8221; global_colors_info=&#8221;{}&#8221;][et_pb_column type=&#8221;2_5&#8243; _builder_version=&#8221;4.23.4&#8243; _module_preset=&#8221;default&#8221; global_colors_info=&#8221;{}&#8221;][et_pb_image src=&#8221;https:\/\/www.gondosvaros.hu\/wp-content\/uploads\/2025\/03\/Z61_0763-scaled.jpg&#8221; title_text=&#8221;Z61_0763&#8243; _builder_version=&#8221;4.27.4&#8243; _module_preset=&#8221;default&#8221; module_alignment=&#8221;center&#8221; custom_margin=&#8221;|||0px|false|false&#8221; custom_padding=&#8221;2px|||0px|false|false&#8221; global_colors_info=&#8221;{}&#8221;][\/et_pb_image][et_pb_image src=&#8221;https:\/\/www.gondosvaros.hu\/wp-content\/uploads\/2024\/01\/Nevtelen-terv-3.png&#8221; title_text=&#8221;N\u00e9vtelen terv (3)&#8221; _builder_version=&#8221;4.24.0&#8243; _module_preset=&#8221;default&#8221; global_colors_info=&#8221;{}&#8221;][\/et_pb_image][\/et_pb_column][et_pb_column type=&#8221;3_5&#8243; _builder_version=&#8221;4.23.4&#8243; _module_preset=&#8221;default&#8221; global_colors_info=&#8221;{}&#8221;][et_pb_text _builder_version=&#8221;4.27.4&#8243; text_font=&#8221;Poppins||||||||&#8221; text_line_height=&#8221;1.6em&#8221; header_font=&#8221;Poppins||||||||&#8221; header_2_font=&#8221;Poppins||||||||&#8221; header_2_text_color=&#8221;#01304d&#8221; header_2_font_size=&#8221;28px&#8221; header_2_line_height=&#8221;1.4em&#8221; header_3_font=&#8221;Poppins||||||||&#8221; header_3_font_size=&#8221;16px&#8221; header_6_font=&#8221;Poppins||||||||&#8221; header_6_text_color=&#8221;#01304d&#8221; header_6_font_size=&#8221;19px&#8221; header_6_line_height=&#8221;1.2em&#8221; background_color=&#8221;rgba(247,247,247,0.89)&#8221; module_alignment=&#8221;center&#8221; custom_padding=&#8221;30px|30px|30px|30px|false|false&#8221; locked=&#8221;off&#8221; global_colors_info=&#8221;{}&#8221;]<\/p>\n<blockquote>\n<h6 style=\"text-align: justify;\"><span style=\"color: #01304d;\">2024-ben azzal a c\u00e9llal ind\u00edtottuk el a programot, hogy seg\u00edts\u00e9get ny\u00fajtson a biharkeresztesi lakosoknak a testi \u00e9s lelki eg\u00e9szs\u00e9g meg\u0151rz\u00e9s\u00e9ben, s hogy seg\u00edts\u00fcnk a betegs\u00e9gek kialakul\u00e1s\u00e1nak megel\u0151z\u00e9s\u00e9ben. Mindezt az odafigyel\u00e9s \u00e9s a gondoskod\u00e1s jegy\u00e9ben, innen a programunk elnevez\u00e9se is.<\/span><b><\/b><\/h6>\n<\/blockquote>\n<p><b><\/b><\/p>\n<h2><b>Egy\u00e9ves a Gondos V\u00e1ros program<\/b><\/h2>\n<h3>Polg\u00e1rmesteri \u00e9rt\u00e9kel\u0151<\/h3>\n<p style=\"text-align: justify;\">N\u00e9z\u0151pont k\u00e9rd\u00e9se, hogy egy \u00e9v hossz\u00fa id\u0151 vagy kev\u00e9s. Van, amire kev\u00e9s, \u00e9s van, ami ut\u00e1n m\u00e1r azt mondhatjuk, 12 h\u00f3nap eltelt\u00e9vel \u00e9rt\u00e9kelhetj\u00fck addigi teljes\u00edtm\u00e9ny\u00fcnket. A tavalyi \u00e9vben ind\u00edtott Gondos V\u00e1ros program ez ut\u00f3bbiak k\u00f6z\u00e9 tartozik: \u00fagy gondolom, egy \u00e9v elegend\u0151 ahhoz, hogy levonjuk az els\u0151 tanuls\u00e1gokat.<\/p>\n<p style=\"text-align: justify;\">2024-ben azzal a c\u00e9llal ind\u00edtottuk el a programot, hogy seg\u00edts\u00e9get ny\u00fajtson a biharkeresztesieknek a testi \u00e9s lelki eg\u00e9szs\u00e9g meg\u0151rz\u00e9s\u00e9ben, s hogy seg\u00edts\u00fcnk a betegs\u00e9gek kialakul\u00e1s\u00e1nak megel\u0151z\u00e9s\u00e9ben. Mindezt az odafigyel\u00e9s \u00e9s a gondoskod\u00e1s jegy\u00e9ben, innen a programunk elnevez\u00e9se is. Az indul\u00e1skor \u00fagy fogalmaztam, hogy egy \u201eolyan Biharkeresztest szeretn\u00e9k, ahol a k\u00f6z\u00f6ss\u00e9g tagjai odafigyelnek egym\u00e1sra, \u00e9s ahol a k\u00f6z\u00f6ss\u00e9g eg\u00e9szs\u00e9ges, a probl\u00e9m\u00e1kkal megk\u00fczdeni tud\u00f3, ez\u00e1ltal m\u00e1soknak is p\u00e9ld\u00e1t mutat\u00f3 tagokb\u00f3l \u00e1ll.\u201d A Gondos V\u00e1ros ehhez ny\u00fajtott seg\u00edts\u00e9get az elm\u00falt esztend\u0151ben, \u00e9s ehhez ny\u00fajt seg\u00edts\u00e9get a j\u00f6v\u0151ben is. Mert programunk folytat\u00f3dik, \u00fajabb \u00e9s \u00fajabb sz\u0171r\u00e9sekkel, vizsg\u00e1latokkal, tan\u00e1csad\u00e1ssal \u00e9s el\u0151ad\u00e1sokkal. Az eg\u00e9szs\u00e9g\u00fcnkkel ugyanis naponta kell t\u00f6r\u0151dn\u00fcnk, a testi-lelki eg\u00e9szs\u00e9g meg\u0151rz\u00e9se nem val\u00f3sulhat meg projekt- \u00e9s alkalomszer\u0171en, olyankor, amikor \u00e9ppen kedv\u00fcnk van hozz\u00e1. Biharkeresztes v\u00e1ros \u00f6nkorm\u00e1nyzata, \u00e9s szem\u00e9ly szerint magam is, abban szeretne minden keresztesi lakosnak seg\u00edts\u00e9get ny\u00fajtani, hogy megtegye az els\u0151 l\u00e9p\u00e9st eg\u00e9szs\u00e9ge meg\u0151rz\u00e9se vagy helyre\u00e1ll\u00edt\u00e1sa fel\u00e9. Mindezt a legjobb szakemberek k\u00f6zrem\u0171k\u00f6d\u00e9s\u00e9vel, a lakoss\u00e1g sz\u00e1m\u00e1ra d\u00edjtalanul.<\/p>\n<p style=\"text-align: justify;\">T\u00f6r\u0151d\u00e9s, odafigyel\u00e9s, eg\u00e9szs\u00e9g: Biharkeresztes \u00edgy v\u00e1lik \u00e9s \u00edgy marad gondos v\u00e1ros. \u00d6n\u00f6k\u00e9rt, biharkeresztesiek\u00e9rt.<\/p>\n<p style=\"text-align: justify;\">Dani B\u00e9la P\u00e9ter<\/p>\n<p style=\"text-align: justify;\">polg\u00e1rmester<\/p>\n<p>[\/et_pb_text][\/et_pb_column][\/et_pb_row][\/et_pb_section][et_pb_section fb_built=&#8221;1&#8243; custom_padding_last_edited=&#8221;off|desktop&#8221; disabled_on=&#8221;on|on|off&#8221; admin_label=&#8221;Hero&#8221; _builder_version=&#8221;4.27.4&#8243; background_color=&#8221;#01304d&#8221; min_height=&#8221;260px&#8221; height=&#8221;260px&#8221; custom_margin=&#8221;0px||0px||false|false&#8221; custom_padding=&#8221;45px|0px|0px|0px|false|false&#8221; global_colors_info=&#8221;{}&#8221;][et_pb_row column_structure=&#8221;1_3,1_3,1_3&#8243; _builder_version=&#8221;4.27.4&#8243; custom_padding=&#8221;|2px|16px|0px||&#8221; global_colors_info=&#8221;{}&#8221;][et_pb_column type=&#8221;1_3&#8243; _builder_version=&#8221;4.16&#8243; custom_padding=&#8221;|||&#8221; global_colors_info=&#8221;{}&#8221; custom_padding__hover=&#8221;|||&#8221;][et_pb_text _builder_version=&#8221;4.27.4&#8243; text_font=&#8221;|600|||||||&#8221; text_font_size=&#8221;11px&#8221; text_line_height=&#8221;1.8em&#8221; header_font=&#8221;||||||||&#8221; header_2_font=&#8221;Poppins||||||||&#8221; header_2_font_size=&#8221;35px&#8221; header_2_letter_spacing=&#8221;22px&#8221; header_2_line_height=&#8221;1.6em&#8221; text_orientation=&#8221;center&#8221; background_layout=&#8221;dark&#8221; max_width=&#8221;700px&#8221; module_alignment=&#8221;center&#8221; min_height=&#8221;145px&#8221; custom_margin=&#8221;||-1px||false|false&#8221; global_colors_info=&#8221;{}&#8221;]<\/p>\n<h2><\/h2>\n<h2><span style=\"font-size: 16px; font-weight: 600; letter-spacing: 3px;\">info@gondosvaros.hu<\/span><\/h2>\n<p><a href=\"https:\/\/www.gondosvaros.hu\/?page_id=598\">Adatkezel\u00e9si T\u00e1j\u00e9koztat\u00f3<\/a> I <a href=\"https:\/\/www.gondosvaros.hu\/?page_id=602\">Impresszum<\/a><\/p>\n<p>[\/et_pb_text][\/et_pb_column][et_pb_column type=&#8221;1_3&#8243; _builder_version=&#8221;4.16&#8243; custom_padding=&#8221;|||&#8221; global_colors_info=&#8221;{}&#8221; custom_padding__hover=&#8221;|||&#8221;][et_pb_image src=&#8221;https:\/\/www.gondosvaros.hu\/wp-content\/uploads\/2025\/03\/8cb97596-53f0-4cfc-99d5-14309f923f86.png&#8221; title_text=&#8221;8cb97596-53f0-4cfc-99d5-14309f923f86&#8243; align=&#8221;center&#8221; _builder_version=&#8221;4.27.4&#8243; _module_preset=&#8221;default&#8221; width=&#8221;36%&#8221; global_colors_info=&#8221;{}&#8221;][\/et_pb_image][\/et_pb_column][et_pb_column type=&#8221;1_3&#8243; _builder_version=&#8221;4.16&#8243; custom_padding=&#8221;|||&#8221; global_colors_info=&#8221;{}&#8221; custom_padding__hover=&#8221;|||&#8221;][et_pb_image src=&#8221;https:\/\/www.gondosvaros.hu\/wp-content\/uploads\/2025\/03\/gondos-varos-biharkeresztes-2-1.png&#8221; title_text=&#8221;gondos-varos-biharkeresztes-2&#8243; _builder_version=&#8221;4.27.4&#8243; _module_preset=&#8221;default&#8221; custom_margin=&#8221;15px||||false|false&#8221; global_colors_info=&#8221;{}&#8221;][\/et_pb_image][\/et_pb_column][\/et_pb_row][\/et_pb_section][et_pb_section fb_built=&#8221;1&#8243; custom_padding_last_edited=&#8221;off|desktop&#8221; disabled_on=&#8221;off|off|on&#8221; admin_label=&#8221;Hero&#8221; _builder_version=&#8221;4.24.0&#8243; background_color=&#8221;#01304d&#8221; min_height=&#8221;260px&#8221; height=&#8221;260px&#8221; custom_margin=&#8221;0px||0px||false|false&#8221; custom_padding=&#8221;45px|0px|0px|0px|false|false&#8221; global_colors_info=&#8221;{}&#8221;][et_pb_row column_structure=&#8221;1_3,1_3,1_3&#8243; _builder_version=&#8221;4.16&#8243; custom_padding=&#8221;|2px|16px|0px||&#8221; global_colors_info=&#8221;{}&#8221;][et_pb_column type=&#8221;1_3&#8243; _builder_version=&#8221;4.16&#8243; custom_padding=&#8221;|||&#8221; global_colors_info=&#8221;{}&#8221; custom_padding__hover=&#8221;|||&#8221;][\/et_pb_column][et_pb_column type=&#8221;1_3&#8243; _builder_version=&#8221;4.16&#8243; custom_padding=&#8221;|||&#8221; global_colors_info=&#8221;{}&#8221; custom_padding__hover=&#8221;|||&#8221;][et_pb_text _builder_version=&#8221;4.24.0&#8243; text_font=&#8221;Poppins|600|||||||&#8221; text_font_size=&#8221;16px&#8221; text_letter_spacing=&#8221;3px&#8221; text_line_height=&#8221;1.8em&#8221; header_font=&#8221;||||||||&#8221; header_2_font=&#8221;Poppins||||||||&#8221; header_2_font_size=&#8221;20px&#8221; header_2_letter_spacing=&#8221;22px&#8221; header_2_line_height=&#8221;1.6em&#8221; text_orientation=&#8221;center&#8221; background_layout=&#8221;dark&#8221; max_width=&#8221;700px&#8221; module_alignment=&#8221;center&#8221; min_height=&#8221;145px&#8221; custom_margin=&#8221;||-1px||false|false&#8221; global_colors_info=&#8221;{}&#8221;]<\/p>\n<h2><span style=\"font-size: 16px; font-weight: 600; letter-spacing: 3px;\">info@gondosvaros.hu<\/span><\/h2>\n<p>[\/et_pb_text][et_pb_image src=&#8221;https:\/\/www.gondosvaros.hu\/wp-content\/uploads\/2024\/01\/Nevtelen-terv-3-1.png&#8221; title_text=&#8221;N\u00e9vtelen terv (3)&#8221; _builder_version=&#8221;4.24.0&#8243; _module_preset=&#8221;default&#8221; width=&#8221;48%&#8221; max_width=&#8221;29%&#8221; module_alignment=&#8221;center&#8221; custom_margin=&#8221;-84px||||false|false&#8221; global_colors_info=&#8221;{}&#8221;][\/et_pb_image][\/et_pb_column][et_pb_column type=&#8221;1_3&#8243; _builder_version=&#8221;4.16&#8243; custom_padding=&#8221;|||&#8221; global_colors_info=&#8221;{}&#8221; custom_padding__hover=&#8221;|||&#8221;][\/et_pb_column][\/et_pb_row][\/et_pb_section]<\/p>\n","protected":false},"excerpt":{"rendered":"<p>2024-ben azzal a c\u00e9llal ind\u00edtottuk el a programot, hogy seg\u00edts\u00e9get ny\u00fajtson a biharkeresztesi lakosoknak a testi \u00e9s lelki eg\u00e9szs\u00e9g meg\u0151rz\u00e9s\u00e9ben, s hogy seg\u00edts\u00fcnk a betegs\u00e9gek kialakul\u00e1s\u00e1nak megel\u0151z\u00e9s\u00e9ben. Mindezt az odafigyel\u00e9s \u00e9s a gondoskod\u00e1s jegy\u00e9ben, innen a programunk elnevez\u00e9se is. Egy\u00e9ves a Gondos V\u00e1ros program Polg\u00e1rmesteri \u00e9rt\u00e9kel\u0151 N\u00e9z\u0151pont k\u00e9rd\u00e9se, hogy egy \u00e9v hossz\u00fa id\u0151 vagy kev\u00e9s. [&hellip;]<\/p>\n","protected":false},"author":1,"featured_media":0,"parent":0,"menu_order":0,"comment_status":"closed","ping_status":"closed","template":"","meta":{"_et_pb_use_builder":"on","_et_pb_old_content":"","_et_gb_content_width":"","footnotes":""},"class_list":["post-10","page","type-page","status-publish","hentry"],"_links":{"self":[{"href":"https:\/\/www.gondosvaros.hu\/index.php?rest_route=\/wp\/v2\/pages\/10","targetHints":{"allow":["GET"]}}],"collection":[{"href":"https:\/\/www.gondosvaros.hu\/index.php?rest_route=\/wp\/v2\/pages"}],"about":[{"href":"https:\/\/www.gondosvaros.hu\/index.php?rest_route=\/wp\/v2\/types\/page"}],"author":[{"embeddable":true,"href":"https:\/\/www.gondosvaros.hu\/index.php?rest_route=\/wp\/v2\/users\/1"}],"replies":[{"embeddable":true,"href":"https:\/\/www.gondosvaros.hu\/index.php?rest_route=%2Fwp%2Fv2%2Fcomments&post=10"}],"version-history":[{"count":92,"href":"https:\/\/www.gondosvaros.hu\/index.php?rest_route=\/wp\/v2\/pages\/10\/revisions"}],"predecessor-version":[{"id":633,"href":"https:\/\/www.gondosvaros.hu\/index.php?rest_route=\/wp\/v2\/pages\/10\/revisions\/633"}],"wp:attachment":[{"href":"https:\/\/www.gondosvaros.hu\/index.php?rest_route=%2Fwp%2Fv2%2Fmedia&parent=10"}],"curies":[{"name":"wp","href":"https:\/\/api.w.org\/{rel}","templated":true}]}}