{"id":559,"date":"2025-03-05T09:58:20","date_gmt":"2025-03-05T09:58:20","guid":{"rendered":"https:\/\/www.gondosvaros.hu\/?page_id=559"},"modified":"2025-03-11T16:40:42","modified_gmt":"2025-03-11T16:40:42","slug":"ertekelo","status":"publish","type":"page","link":"https:\/\/www.gondosvaros.hu\/?page_id=559","title":{"rendered":"\u00c9rt\u00e9kel\u0151"},"content":{"rendered":"<p>[et_pb_section fb_built=&#8221;1&#8243; admin_label=&#8221;Our Mission&#8221; _builder_version=&#8221;4.16&#8243; custom_padding=&#8221;0px|0px|2px|0px||&#8221; global_colors_info=&#8221;{}&#8221;][et_pb_row column_structure=&#8221;3_5,2_5&#8243; _builder_version=&#8221;4.23.4&#8243; _module_preset=&#8221;default&#8221; min_height=&#8221;958.7px&#8221; custom_margin=&#8221;40px|auto||auto|false|false&#8221; custom_padding=&#8221;0px|||||&#8221; global_colors_info=&#8221;{}&#8221;][et_pb_column type=&#8221;3_5&#8243; _builder_version=&#8221;4.23.4&#8243; _module_preset=&#8221;default&#8221; global_colors_info=&#8221;{}&#8221;][et_pb_text _builder_version=&#8221;4.23.4&#8243; text_font=&#8221;Poppins||||||||&#8221; text_line_height=&#8221;1.6em&#8221; header_font=&#8221;||||||||&#8221; header_2_font=&#8221;Poppins||||||||&#8221; header_2_text_color=&#8221;#01304d&#8221; header_2_font_size=&#8221;28px&#8221; header_2_line_height=&#8221;1.4em&#8221; header_3_font=&#8221;Poppins||||||||&#8221; header_3_font_size=&#8221;16px&#8221; background_color=&#8221;rgba(247,247,247,0.89)&#8221; module_alignment=&#8221;center&#8221; custom_padding=&#8221;30px|30px|30px|30px|false|false&#8221; locked=&#8221;off&#8221; global_colors_info=&#8221;{}&#8221;]<\/p>\n<h2><b>Polg\u00e1rmesteri k\u00f6sz\u00f6nt\u0151<\/b><\/h2>\n<h3>Kedves Biharkeresztesiek!<\/h3>\n<p>&nbsp;<\/p>\n<p>V\u00e1rosunk 2024-ben elind\u00edtja a Gondos V\u00e1ros programot.<\/p>\n<p>A program kiemelt c\u00e9lja a megel\u0151z\u00e9s, legyen sz\u00f3 ak\u00e1r a testi, ak\u00e1r a lelki eg\u00e9szs\u00e9g v\u00e9delm\u00e9r\u0151l, emellett tartalmaz eg\u00e9szs\u00e9gmeg\u0151rz\u00e9st, eg\u00e9szs\u00e9gi \u00e1llapot felm\u00e9r\u00e9s\u00e9t, vizsg\u00e1latokat, el\u0151ad\u00e1sokat is, mindezt minden bejelentett lakc\u00edmmel vagy tart\u00f3zkod\u00e1si hellyel rendelkez\u0151 biharkeresztesi lakos ingyenesen veheti ig\u00e9nybe<span style=\"font-size: 14px;\">.<\/span><\/p>\n<p style=\"text-align: justify;\">Hissz\u00fck, hogy egy kis odafigyel\u00e9s is rengeteget jelent, hissz\u00fck, hogy minden seg\u00edts\u00e9g sz\u00e1m\u00edt. De azt is tudjuk, hogy akadnak olyan \u00e9letszakaszok, amikor szak\u00e9rt\u0151 ig\u00e9nybev\u00e9tel\u00e9re lehet sz\u00fcks\u00e9g. Ilyen \u00e9lethelyzet lehet az, amikor egy s\u00falyos betegs\u00e9ggel kell megk\u00fczden\u00fcnk, ami nemcsak a testet, hanem a lelket is megterheli. Ilyen a gy\u00e1sz id\u0151szaka, amikor vesztes\u00e9get kell feldolgoznunk, de ilyen az is, amikor egy-egy k\u00e1ros szenved\u00e9lyt\u0151l vagy f\u00fcgg\u0151s\u00e9gt\u0151l m\u00e1r nem tudunk \u00f6ner\u0151b\u0151l megszabadulni. Ilyenkor a csal\u00e1dtagokon \u00e9s bar\u00e1tokon k\u00edv\u00fcl szakemberre is sz\u00fcks\u00e9g van.<\/p>\n<p style=\"text-align: justify;\"><span style=\"font-size: 14px;\">Egy olyan Biharkeresztest szeretn\u00e9k, ahol a k\u00f6z\u00f6ss\u00e9g tagjai odafigyelnek egym\u00e1sra, \u00e9s ahol a k\u00f6z\u00f6ss\u00e9g eg\u00e9szs\u00e9ges, a probl\u00e9m\u00e1kkal megk\u00fczdeni tud\u00f3, ez\u00e1ltal m\u00e1soknak is p\u00e9ld\u00e1t mutat\u00f3 tagokb\u00f3l \u00e1ll. Egy v\u00e1rost ugyanis nemcsak infrastruktur\u00e1lisan kell fejleszteni, de a benne \u00e9l\u0151k szeml\u00e9let\u00e9nek, eg\u00e9szs\u00e9gtudat\u00e1nak fejleszt\u00e9se is kiemelten fontos, hiszen az eg\u00e9szs\u00e9g a legfontosabb \u00e9rt\u00e9ke valamennyi\u00fcnknek.<\/span><\/p>\n<p style=\"text-align: justify;\">Bizakodva ind\u00edtjuk el teh\u00e1t a Gondos V\u00e1ros programunkat. B\u00edzunk abban, hogy mind t\u00f6bben veszik majd ig\u00e9nybe a foglalkoz\u00e1sokat, elj\u00f6nnek az el\u0151ad\u00e1sainkra, \u00e9s b\u00edzunk abban, mert ez a legf\u0151bb c\u00e9lunk, hogy t\u00e1maszai tudjunk lenni egym\u00e1snak. \u00cdgy egy er\u0151s, testben \u00e9s l\u00e9lekben is \u00e9p\u00fcl\u0151-fejl\u0151d\u0151 v\u00e1ross\u00e1 v\u00e1lhatunk.<span style=\"font-size: 14px;\"><\/span><\/p>\n<p style=\"text-align: justify;\">T\u00f6r\u0151d\u00e9s, odafigyel\u00e9s, eg\u00e9szs\u00e9g: Biharkeresztes, a gondos v\u00e1ros!<\/p>\n<p style=\"text-align: justify;\">Dani B\u00e9la P\u00e9ter<\/p>\n<p style=\"text-align: justify;\">polg\u00e1rmester<\/p>\n<p>[\/et_pb_text][\/et_pb_column][et_pb_column type=&#8221;2_5&#8243; _builder_version=&#8221;4.23.4&#8243; _module_preset=&#8221;default&#8221; global_colors_info=&#8221;{}&#8221;][et_pb_image src=&#8221;https:\/\/www.gondosvaros.hu\/wp-content\/uploads\/2024\/01\/Z62_5536-scaled.jpg&#8221; title_text=&#8221;Z62_5536&#8243; _builder_version=&#8221;4.27.4&#8243; _module_preset=&#8221;default&#8221; module_alignment=&#8221;center&#8221; custom_margin=&#8221;|||0px|false|false&#8221; custom_padding=&#8221;2px|||0px|false|false&#8221; global_colors_info=&#8221;{}&#8221;][\/et_pb_image][et_pb_image src=&#8221;https:\/\/www.gondosvaros.hu\/wp-content\/uploads\/2024\/01\/Nevtelen-terv-3.png&#8221; title_text=&#8221;N\u00e9vtelen terv (3)&#8221; _builder_version=&#8221;4.24.0&#8243; _module_preset=&#8221;default&#8221; global_colors_info=&#8221;{}&#8221;][\/et_pb_image][\/et_pb_column][\/et_pb_row][\/et_pb_section][et_pb_section fb_built=&#8221;1&#8243; custom_padding_last_edited=&#8221;off|desktop&#8221; disabled_on=&#8221;on|on|off&#8221; admin_label=&#8221;Hero&#8221; _builder_version=&#8221;4.27.4&#8243; background_color=&#8221;#01304d&#8221; min_height=&#8221;260px&#8221; height=&#8221;260px&#8221; custom_margin=&#8221;0px||0px||false|false&#8221; custom_padding=&#8221;45px|0px|0px|0px|false|false&#8221; global_colors_info=&#8221;{}&#8221; theme_builder_area=&#8221;post_content&#8221;][et_pb_row column_structure=&#8221;1_3,1_3,1_3&#8243; _builder_version=&#8221;4.27.4&#8243; custom_padding=&#8221;|2px|16px|0px||&#8221; global_colors_info=&#8221;{}&#8221; theme_builder_area=&#8221;post_content&#8221;][et_pb_column type=&#8221;1_3&#8243; _builder_version=&#8221;4.16&#8243; custom_padding=&#8221;|||&#8221; global_colors_info=&#8221;{}&#8221; custom_padding__hover=&#8221;|||&#8221; theme_builder_area=&#8221;post_content&#8221;][et_pb_text _builder_version=&#8221;4.27.4&#8243; text_font=&#8221;|600|||||||&#8221; text_font_size=&#8221;11px&#8221; text_line_height=&#8221;1.8em&#8221; header_font=&#8221;||||||||&#8221; header_2_font=&#8221;Poppins||||||||&#8221; header_2_font_size=&#8221;35px&#8221; header_2_letter_spacing=&#8221;22px&#8221; header_2_line_height=&#8221;1.6em&#8221; text_orientation=&#8221;center&#8221; background_layout=&#8221;dark&#8221; max_width=&#8221;700px&#8221; module_alignment=&#8221;center&#8221; min_height=&#8221;145px&#8221; custom_margin=&#8221;||-1px||false|false&#8221; global_colors_info=&#8221;{}&#8221; theme_builder_area=&#8221;post_content&#8221;]<\/p>\n<h2><\/h2>\n<h2><span style=\"font-size: 16px; font-weight: 600; letter-spacing: 3px;\">info@gondosvaros.hu<\/span><\/h2>\n<p><a href=\"https:\/\/www.gondosvaros.hu\/?page_id=598\">Adatkezel\u00e9si T\u00e1j\u00e9koztat\u00f3<\/a> I <a href=\"https:\/\/www.gondosvaros.hu\/?page_id=602\">Impresszum<\/a><\/p>\n<p>[\/et_pb_text][\/et_pb_column][et_pb_column type=&#8221;1_3&#8243; _builder_version=&#8221;4.16&#8243; custom_padding=&#8221;|||&#8221; global_colors_info=&#8221;{}&#8221; custom_padding__hover=&#8221;|||&#8221; theme_builder_area=&#8221;post_content&#8221;][et_pb_image src=&#8221;https:\/\/www.gondosvaros.hu\/wp-content\/uploads\/2025\/03\/8cb97596-53f0-4cfc-99d5-14309f923f86.png&#8221; title_text=&#8221;8cb97596-53f0-4cfc-99d5-14309f923f86&#8243; align=&#8221;center&#8221; _builder_version=&#8221;4.27.4&#8243; _module_preset=&#8221;default&#8221; width=&#8221;36%&#8221; global_colors_info=&#8221;{}&#8221; theme_builder_area=&#8221;post_content&#8221;][\/et_pb_image][\/et_pb_column][et_pb_column type=&#8221;1_3&#8243; _builder_version=&#8221;4.16&#8243; custom_padding=&#8221;|||&#8221; global_colors_info=&#8221;{}&#8221; custom_padding__hover=&#8221;|||&#8221; theme_builder_area=&#8221;post_content&#8221;][et_pb_image src=&#8221;https:\/\/www.gondosvaros.hu\/wp-content\/uploads\/2025\/03\/gondos-varos-biharkeresztes-2-1.png&#8221; title_text=&#8221;gondos-varos-biharkeresztes-2&#8243; _builder_version=&#8221;4.27.4&#8243; _module_preset=&#8221;default&#8221; custom_margin=&#8221;15px||||false|false&#8221; global_colors_info=&#8221;{}&#8221; theme_builder_area=&#8221;post_content&#8221;][\/et_pb_image][\/et_pb_column][\/et_pb_row][\/et_pb_section][et_pb_section fb_built=&#8221;1&#8243; custom_padding_last_edited=&#8221;off|desktop&#8221; disabled_on=&#8221;off|off|on&#8221; admin_label=&#8221;Hero&#8221; _builder_version=&#8221;4.24.0&#8243; background_color=&#8221;#01304d&#8221; min_height=&#8221;260px&#8221; height=&#8221;260px&#8221; custom_margin=&#8221;0px||0px||false|false&#8221; custom_padding=&#8221;45px|0px|0px|0px|false|false&#8221; global_colors_info=&#8221;{}&#8221;][et_pb_row column_structure=&#8221;1_3,1_3,1_3&#8243; _builder_version=&#8221;4.16&#8243; custom_padding=&#8221;|2px|16px|0px||&#8221; global_colors_info=&#8221;{}&#8221;][et_pb_column type=&#8221;1_3&#8243; _builder_version=&#8221;4.16&#8243; custom_padding=&#8221;|||&#8221; global_colors_info=&#8221;{}&#8221; custom_padding__hover=&#8221;|||&#8221;][\/et_pb_column][et_pb_column type=&#8221;1_3&#8243; _builder_version=&#8221;4.16&#8243; custom_padding=&#8221;|||&#8221; global_colors_info=&#8221;{}&#8221; custom_padding__hover=&#8221;|||&#8221;][et_pb_text _builder_version=&#8221;4.24.0&#8243; text_font=&#8221;Poppins|600|||||||&#8221; text_font_size=&#8221;16px&#8221; text_letter_spacing=&#8221;3px&#8221; text_line_height=&#8221;1.8em&#8221; header_font=&#8221;||||||||&#8221; header_2_font=&#8221;Poppins||||||||&#8221; header_2_font_size=&#8221;20px&#8221; header_2_letter_spacing=&#8221;22px&#8221; header_2_line_height=&#8221;1.6em&#8221; text_orientation=&#8221;center&#8221; background_layout=&#8221;dark&#8221; max_width=&#8221;700px&#8221; module_alignment=&#8221;center&#8221; min_height=&#8221;145px&#8221; custom_margin=&#8221;||-1px||false|false&#8221; global_colors_info=&#8221;{}&#8221;]<\/p>\n<h2><span style=\"font-size: 16px; font-weight: 600; letter-spacing: 3px;\">info@gondosvaros.hu<\/span><\/h2>\n<p>[\/et_pb_text][et_pb_image src=&#8221;https:\/\/www.gondosvaros.hu\/wp-content\/uploads\/2024\/01\/Nevtelen-terv-3-1.png&#8221; title_text=&#8221;N\u00e9vtelen terv (3)&#8221; _builder_version=&#8221;4.24.0&#8243; _module_preset=&#8221;default&#8221; width=&#8221;48%&#8221; max_width=&#8221;29%&#8221; module_alignment=&#8221;center&#8221; custom_margin=&#8221;-84px||||false|false&#8221; global_colors_info=&#8221;{}&#8221;][\/et_pb_image][\/et_pb_column][et_pb_column type=&#8221;1_3&#8243; _builder_version=&#8221;4.16&#8243; custom_padding=&#8221;|||&#8221; global_colors_info=&#8221;{}&#8221; custom_padding__hover=&#8221;|||&#8221;][\/et_pb_column][\/et_pb_row][\/et_pb_section]<\/p>\n","protected":false},"excerpt":{"rendered":"<p>Polg\u00e1rmesteri k\u00f6sz\u00f6nt\u0151 Kedves Biharkeresztesiek! &nbsp; V\u00e1rosunk 2024-ben elind\u00edtja a Gondos V\u00e1ros programot. A program kiemelt c\u00e9lja a megel\u0151z\u00e9s, legyen sz\u00f3 ak\u00e1r a testi, ak\u00e1r a lelki eg\u00e9szs\u00e9g v\u00e9delm\u00e9r\u0151l, emellett tartalmaz eg\u00e9szs\u00e9gmeg\u0151rz\u00e9st, eg\u00e9szs\u00e9gi \u00e1llapot felm\u00e9r\u00e9s\u00e9t, vizsg\u00e1latokat, el\u0151ad\u00e1sokat is, mindezt minden bejelentett lakc\u00edmmel vagy tart\u00f3zkod\u00e1si hellyel rendelkez\u0151 biharkeresztesi lakos ingyenesen veheti ig\u00e9nybe. Hissz\u00fck, hogy egy kis odafigyel\u00e9s [&hellip;]<\/p>\n","protected":false},"author":1,"featured_media":0,"parent":0,"menu_order":0,"comment_status":"closed","ping_status":"closed","template":"","meta":{"_et_pb_use_builder":"on","_et_pb_old_content":"","_et_gb_content_width":"","footnotes":""},"class_list":["post-559","page","type-page","status-publish","hentry"],"_links":{"self":[{"href":"https:\/\/www.gondosvaros.hu\/index.php?rest_route=\/wp\/v2\/pages\/559","targetHints":{"allow":["GET"]}}],"collection":[{"href":"https:\/\/www.gondosvaros.hu\/index.php?rest_route=\/wp\/v2\/pages"}],"about":[{"href":"https:\/\/www.gondosvaros.hu\/index.php?rest_route=\/wp\/v2\/types\/page"}],"author":[{"embeddable":true,"href":"https:\/\/www.gondosvaros.hu\/index.php?rest_route=\/wp\/v2\/users\/1"}],"replies":[{"embeddable":true,"href":"https:\/\/www.gondosvaros.hu\/index.php?rest_route=%2Fwp%2Fv2%2Fcomments&post=559"}],"version-history":[{"count":5,"href":"https:\/\/www.gondosvaros.hu\/index.php?rest_route=\/wp\/v2\/pages\/559\/revisions"}],"predecessor-version":[{"id":636,"href":"https:\/\/www.gondosvaros.hu\/index.php?rest_route=\/wp\/v2\/pages\/559\/revisions\/636"}],"wp:attachment":[{"href":"https:\/\/www.gondosvaros.hu\/index.php?rest_route=%2Fwp%2Fv2%2Fmedia&parent=559"}],"curies":[{"name":"wp","href":"https:\/\/api.w.org\/{rel}","templated":true}]}}