{"id":598,"date":"2025-03-05T14:27:30","date_gmt":"2025-03-05T14:27:30","guid":{"rendered":"https:\/\/www.gondosvaros.hu\/?page_id=598"},"modified":"2025-03-05T14:27:31","modified_gmt":"2025-03-05T14:27:31","slug":"adatkezelesi-tajekoztato","status":"publish","type":"page","link":"https:\/\/www.gondosvaros.hu\/?page_id=598","title":{"rendered":"Adatkezel\u00e9si t\u00e1j\u00e9koztat\u00f3"},"content":{"rendered":"\n<p>Weboldalunk felkeres\u00e9sekor \u00d6n tudom\u00e1sul veszi, hogy az ott tal\u00e1lhat\u00f3&nbsp;inform\u00e1ci\u00f3ink ig\u00e9nybev\u00e9telekor al\u00e1veti mag\u00e1t a szem\u00e9lyes adatok v\u00e9delm\u00e9r\u0151l \u00e9s a k\u00f6z\u00e9rdek\u0171 adatok nyilv\u00e1noss\u00e1g\u00e1r\u00f3l sz\u00f3l\u00f3 t\u00f6rv\u00e9nyi \u00e9s egy\u00e9b vonatkoz\u00f3 szab\u00e1lyoz\u00e1snak, \u00e9s egyben marad\u00e9ktalanul elfogadja a nyilatkozatokban r\u00f6gz\u00edtett felt\u00e9teleket. A honlap&nbsp;l\u00e1togat\u00e1s\u00e1val&nbsp;\u00e9s b\u00f6ng\u00e9sz\u00e9se sor\u00e1n \u00d6n egyidej\u0171leg automatikusan&nbsp;adatot is szolg\u00e1ltat.<\/p>\n\n\n\n<p>Az \u00d6n \u00e1ltal \u00f6nk\u00e9ntesen megadott szem\u00e9lyes adatokat a Biharkeresztes V\u00e1ros \u00d6nkorm\u00e1nyzata, mint adatkezel\u0151 \u00e9s adatfeldolgoz\u00f3 kezeli.<\/p>\n\n\n\n<p>A szem\u00e9lyes adatokat harmadik szem\u00e9ly sz\u00e1m\u00e1ra \u2013 a jogszab\u00e1lyok \u00e1ltal el\u0151\u00edrt k\u00f6telez\u0151 esetek kiv\u00e9tel\u00e9vel, ill. az \u00e9rintett hozz\u00e1j\u00e1rul\u00e1sa n\u00e9lk\u00fcl \u2013 semmilyen k\u00f6r\u00fclm\u00e9nyek k\u00f6z\u00f6tt nem tov\u00e1bb\u00edtjuk.<\/p>\n\n\n\n<p>Az Adatv\u00e9delmi nyilatkozat elfogad\u00e1s\u00e1val \u00d6n tudom\u00e1sul veszi a jelen t\u00e1j\u00e9koztat\u00f3ban foglaltakat, \u00e9s egyben hozz\u00e1j\u00e1rul az \u00d6n \u00e1ltal megadott szem\u00e9lyes adatok jelen t\u00e1j\u00e9koztat\u00f3ban le\u00edrtak szerinti kezel\u00e9s\u00e9hez. Az \u00d6n \u00e1ltal megadott szem\u00e9lyes adatait hozz\u00e1j\u00e1rul\u00e1sa megad\u00e1s\u00e1t\u00f3l a hozz\u00e1j\u00e1rul\u00e1s visszavon\u00e1s\u00e1ig, illetve azon id\u0151tartamig kezelj\u00fck, am\u00edg az megfelel a jogszab\u00e1lyi el\u0151\u00edr\u00e1soknak.<\/p>\n\n\n\n<p>Szem\u00e9lyes adatai kezel\u00e9s\u00e9r\u0151l \u00d6nnek b\u00e1rmikor joga van t\u00e1j\u00e9koztat\u00e1st k\u00e9rni, k\u00e9rheti szem\u00e9lyes adatainak jav\u00edt\u00e1s\u00e1t. Amennyiben m\u00e9gis vissza szeretn\u00e9 vonni az adatkezel\u00e9si nyilatkozat\u00e1t, azt a weboldalon felt\u00fcntetett el\u00e9rhet\u0151s\u00e9geken megteheti.<\/p>\n\n\n\n<p>\u00d6n egyet\u00e9rt azzal, hogy a webhelyr\u0151l vagy a webhelyen kereszt\u00fcl let\u00f6lt\u00f6tt \u00e9s megszerzett inform\u00e1ci\u00f3k felhaszn\u00e1l\u00e1sa \u00f6nk\u00e9nt, saj\u00e1t bel\u00e1t\u00e1sa szerint \u00e9s kiz\u00e1r\u00f3lag saj\u00e1t kock\u00e1zat\u00e1ra t\u00f6rt\u00e9nik.<\/p>\n\n\n\n<p>Felh\u00edvjuk figyelm\u00e9t, hogy szem\u00e9lyes adatainak kezel\u00e9s\u00e9vel kapcsolatban tiltakoz\u00e1ssal \u00e9lhet, mely tiltakoz\u00e1st annak beny\u00fajt\u00e1s\u00e1t\u00f3l sz\u00e1m\u00edtott legr\u00f6videbb id\u0151n bel\u00fcl, de legfeljebb 15 napon bel\u00fcl megvizsg\u00e1ljuk. Amennyiben a tiltakoz\u00e1s indokolt, az adatkezel\u00e9st \u2013 bele\u00e9rtve a tov\u00e1bbi adatfelv\u00e9telt \u00e9s adattov\u00e1bb\u00edt\u00e1st is \u2013 megsz\u00fcntetj\u00fck, \u00e9s az adatokat z\u00e1roljuk, \u00e9s az int\u00e9zked\u00e9sekr\u0151l \u00e9rtes\u00edtj\u00fck mindazokat akik r\u00e9sz\u00e9re a tiltakoz\u00e1ssal \u00e9rintett szem\u00e9lyes adatot kor\u00e1bban tov\u00e1bb\u00edtotta, \u00e9s akik k\u00f6telesek int\u00e9zkedni a tiltakoz\u00e1si jog \u00e9rv\u00e9nyes\u00edt\u00e9se \u00e9rdek\u00e9ben.<\/p>\n\n\n\n<p>Adatv\u00e9delmi \u00fcgyekben az al\u00e1bbi el\u00e9rhet\u0151s\u00e9geken \u00e9rdekl\u0151dhet:<\/p>\n\n\n\n<p>Biharkeresztes V\u00e1ros \u00d6nkorm\u00e1nyzata<\/p>\n\n\n\n<p>4110 Biharkeresztes, Sz\u00e9chenyi u. 57.<\/p>\n\n\n\n<p>E-mail c\u00edm:&nbsp;<a href=\"mailto:hivatal@biharkeresztes.hu\">hivatal@biharkeresztes.hu<\/a><\/p>\n\n\n\n<p>A fentieken k\u00edv\u00fcl tov\u00e1bb\u00e1 felh\u00edvjuk figyelm\u00e9t, hogy a Nemzeti Adatv\u00e9delmi \u00e9s Inform\u00e1ci\u00f3szabads\u00e1g Hat\u00f3s\u00e1gn\u00e1l is bejelent\u00e9ssel \u00e9lhet, arra hivatkoz\u00e1ssal, hogy szem\u00e9lyes adatainak kezel\u00e9s\u00e9vel kapcsolatban jogs\u00e9relem k\u00f6vetkezett be, vagy annak k\u00f6zvetlen vesz\u00e9lye fenn\u00e1ll.ellen\u0151rizheti.<\/p>\n","protected":false},"excerpt":{"rendered":"<p>Weboldalunk felkeres\u00e9sekor \u00d6n tudom\u00e1sul veszi, hogy az ott tal\u00e1lhat\u00f3&nbsp;inform\u00e1ci\u00f3ink ig\u00e9nybev\u00e9telekor al\u00e1veti mag\u00e1t a szem\u00e9lyes adatok v\u00e9delm\u00e9r\u0151l \u00e9s a k\u00f6z\u00e9rdek\u0171 adatok nyilv\u00e1noss\u00e1g\u00e1r\u00f3l sz\u00f3l\u00f3 t\u00f6rv\u00e9nyi \u00e9s egy\u00e9b vonatkoz\u00f3 szab\u00e1lyoz\u00e1snak, \u00e9s egyben marad\u00e9ktalanul elfogadja a nyilatkozatokban r\u00f6gz\u00edtett felt\u00e9teleket. A honlap&nbsp;l\u00e1togat\u00e1s\u00e1val&nbsp;\u00e9s b\u00f6ng\u00e9sz\u00e9se sor\u00e1n \u00d6n egyidej\u0171leg automatikusan&nbsp;adatot is szolg\u00e1ltat. Az \u00d6n \u00e1ltal \u00f6nk\u00e9ntesen megadott szem\u00e9lyes adatokat a Biharkeresztes V\u00e1ros \u00d6nkorm\u00e1nyzata, [&hellip;]<\/p>\n","protected":false},"author":1,"featured_media":0,"parent":0,"menu_order":0,"comment_status":"closed","ping_status":"closed","template":"","meta":{"_et_pb_use_builder":"","_et_pb_old_content":"","_et_gb_content_width":"","footnotes":""},"class_list":["post-598","page","type-page","status-publish","hentry"],"_links":{"self":[{"href":"https:\/\/www.gondosvaros.hu\/index.php?rest_route=\/wp\/v2\/pages\/598","targetHints":{"allow":["GET"]}}],"collection":[{"href":"https:\/\/www.gondosvaros.hu\/index.php?rest_route=\/wp\/v2\/pages"}],"about":[{"href":"https:\/\/www.gondosvaros.hu\/index.php?rest_route=\/wp\/v2\/types\/page"}],"author":[{"embeddable":true,"href":"https:\/\/www.gondosvaros.hu\/index.php?rest_route=\/wp\/v2\/users\/1"}],"replies":[{"embeddable":true,"href":"https:\/\/www.gondosvaros.hu\/index.php?rest_route=%2Fwp%2Fv2%2Fcomments&post=598"}],"version-history":[{"count":1,"href":"https:\/\/www.gondosvaros.hu\/index.php?rest_route=\/wp\/v2\/pages\/598\/revisions"}],"predecessor-version":[{"id":599,"href":"https:\/\/www.gondosvaros.hu\/index.php?rest_route=\/wp\/v2\/pages\/598\/revisions\/599"}],"wp:attachment":[{"href":"https:\/\/www.gondosvaros.hu\/index.php?rest_route=%2Fwp%2Fv2%2Fmedia&parent=598"}],"curies":[{"name":"wp","href":"https:\/\/api.w.org\/{rel}","templated":true}]}}